{"id":69,"date":"2026-04-20T16:08:36","date_gmt":"2026-04-20T16:08:36","guid":{"rendered":"https:\/\/alvarobastida.fpcei.eu\/?page_id=69"},"modified":"2026-04-20T16:08:36","modified_gmt":"2026-04-20T16:08:36","slug":"inicio","status":"publish","type":"page","link":"https:\/\/alvarobastida.fpcei.eu\/?page_id=69","title":{"rendered":"INICIO"},"content":{"rendered":"\n<p>Bienvenido a Sierpe Studios, donde puedes convertir tu imaginaci\u00f3n en m\u00fasica de la mejor calidad desde tu casa y a un precio m\u00e1s que asequible<\/p>\n\n\n\n<figure class=\"wp-block-image size-full\"><img loading=\"lazy\" decoding=\"async\" width=\"726\" height=\"795\" src=\"https:\/\/alvarobastida.fpcei.eu\/wp-content\/uploads\/2026\/04\/IMG-20260420-WA0039.jpg\" alt=\"\" class=\"wp-image-71\" srcset=\"https:\/\/alvarobastida.fpcei.eu\/wp-content\/uploads\/2026\/04\/IMG-20260420-WA0039.jpg 726w, https:\/\/alvarobastida.fpcei.eu\/wp-content\/uploads\/2026\/04\/IMG-20260420-WA0039-274x300.jpg 274w, https:\/\/alvarobastida.fpcei.eu\/wp-content\/uploads\/2026\/04\/IMG-20260420-WA0039-600x657.jpg 600w\" sizes=\"auto, (max-width: 726px) 100vw, 726px\" \/><\/figure>\n","protected":false},"excerpt":{"rendered":"<p>Bienvenido a Sierpe Studios, donde puedes convertir tu imaginaci\u00f3n en m\u00fasica de la mejor calidad desde tu casa y a un precio m\u00e1s que asequible<\/p>\n","protected":false},"author":2,"featured_media":0,"parent":0,"menu_order":0,"comment_status":"closed","ping_status":"closed","template":"","meta":{"footnotes":""},"class_list":["post-69","page","type-page","status-publish","hentry"],"_links":{"self":[{"href":"https:\/\/alvarobastida.fpcei.eu\/index.php?rest_route=\/wp\/v2\/pages\/69","targetHints":{"allow":["GET"]}}],"collection":[{"href":"https:\/\/alvarobastida.fpcei.eu\/index.php?rest_route=\/wp\/v2\/pages"}],"about":[{"href":"https:\/\/alvarobastida.fpcei.eu\/index.php?rest_route=\/wp\/v2\/types\/page"}],"author":[{"embeddable":true,"href":"https:\/\/alvarobastida.fpcei.eu\/index.php?rest_route=\/wp\/v2\/users\/2"}],"replies":[{"embeddable":true,"href":"https:\/\/alvarobastida.fpcei.eu\/index.php?rest_route=%2Fwp%2Fv2%2Fcomments&post=69"}],"version-history":[{"count":1,"href":"https:\/\/alvarobastida.fpcei.eu\/index.php?rest_route=\/wp\/v2\/pages\/69\/revisions"}],"predecessor-version":[{"id":72,"href":"https:\/\/alvarobastida.fpcei.eu\/index.php?rest_route=\/wp\/v2\/pages\/69\/revisions\/72"}],"wp:attachment":[{"href":"https:\/\/alvarobastida.fpcei.eu\/index.php?rest_route=%2Fwp%2Fv2%2Fmedia&parent=69"}],"curies":[{"name":"wp","href":"https:\/\/api.w.org\/{rel}","templated":true}]}}