{"id":7,"date":"2026-01-27T10:58:40","date_gmt":"2026-01-27T10:58:40","guid":{"rendered":"https:\/\/alvarobastida.fpcei.eu\/?page_id=7"},"modified":"2026-02-03T10:03:13","modified_gmt":"2026-02-03T10:03:13","slug":"sierpe-studios","status":"publish","type":"page","link":"https:\/\/alvarobastida.fpcei.eu\/?page_id=7","title":{"rendered":"SIERPE STUDIOS"},"content":{"rendered":"\n<figure class=\"wp-block-image size-full\"><img loading=\"lazy\" decoding=\"async\" width=\"476\" height=\"407\" src=\"https:\/\/alvarobastida.fpcei.eu\/wp-content\/uploads\/2026\/01\/IMG-20260127-WA0007.jpg\" alt=\"\" class=\"wp-image-9\" srcset=\"https:\/\/alvarobastida.fpcei.eu\/wp-content\/uploads\/2026\/01\/IMG-20260127-WA0007.jpg 476w, https:\/\/alvarobastida.fpcei.eu\/wp-content\/uploads\/2026\/01\/IMG-20260127-WA0007-300x257.jpg 300w\" sizes=\"auto, (max-width: 476px) 100vw, 476px\" \/><\/figure>\n\n\n\n<p>Sierpe Studios<strong>&#x2122;<\/strong> ofrece una rampa fiable para impulsar a cualquier artista talentoso indescubierto, con equipaci\u00f3n para montar tu propio estudio casero al mejor precio, y oportunidades de ayuda y ense\u00f1anzas sobre composici\u00f3n lirical y producci\u00f3n<\/p>\n\n\n\n<p><\/p>\n","protected":false},"excerpt":{"rendered":"<p>Sierpe Studios&#x2122; ofrece una rampa fiable para impulsar a cualquier artista talentoso indescubierto, con equipaci\u00f3n para montar tu propio estudio casero al mejor precio, y oportunidades de ayuda y ense\u00f1anzas sobre composici\u00f3n lirical y producci\u00f3n<\/p>\n","protected":false},"author":2,"featured_media":0,"parent":0,"menu_order":0,"comment_status":"closed","ping_status":"closed","template":"","meta":{"footnotes":""},"class_list":["post-7","page","type-page","status-publish","hentry"],"_links":{"self":[{"href":"https:\/\/alvarobastida.fpcei.eu\/index.php?rest_route=\/wp\/v2\/pages\/7","targetHints":{"allow":["GET"]}}],"collection":[{"href":"https:\/\/alvarobastida.fpcei.eu\/index.php?rest_route=\/wp\/v2\/pages"}],"about":[{"href":"https:\/\/alvarobastida.fpcei.eu\/index.php?rest_route=\/wp\/v2\/types\/page"}],"author":[{"embeddable":true,"href":"https:\/\/alvarobastida.fpcei.eu\/index.php?rest_route=\/wp\/v2\/users\/2"}],"replies":[{"embeddable":true,"href":"https:\/\/alvarobastida.fpcei.eu\/index.php?rest_route=%2Fwp%2Fv2%2Fcomments&post=7"}],"version-history":[{"count":2,"href":"https:\/\/alvarobastida.fpcei.eu\/index.php?rest_route=\/wp\/v2\/pages\/7\/revisions"}],"predecessor-version":[{"id":18,"href":"https:\/\/alvarobastida.fpcei.eu\/index.php?rest_route=\/wp\/v2\/pages\/7\/revisions\/18"}],"wp:attachment":[{"href":"https:\/\/alvarobastida.fpcei.eu\/index.php?rest_route=%2Fwp%2Fv2%2Fmedia&parent=7"}],"curies":[{"name":"wp","href":"https:\/\/api.w.org\/{rel}","templated":true}]}}