{"id":80,"date":"2026-04-20T16:39:08","date_gmt":"2026-04-20T16:39:08","guid":{"rendered":"https:\/\/alvarobastida.fpcei.eu\/?page_id=80"},"modified":"2026-04-20T16:39:08","modified_gmt":"2026-04-20T16:39:08","slug":"sobre-nosotros","status":"publish","type":"page","link":"https:\/\/alvarobastida.fpcei.eu\/?page_id=80","title":{"rendered":"SOBRE NOSOTROS"},"content":{"rendered":"\n<p>Sierpe Studios es una herramienta digital para impulsar a creadores de m\u00fasica que no disponen de mucho alcance o herramientas. Con nosotros podr\u00e1s aprender sobre l\u00edrica, producci\u00f3n y adquirir diversos productos a un precio rebajado con el fin de montar un estudio casero f\u00e1cil, adem\u00e1s de recomendarte los mejores en nuestra profesional opini\u00f3n<\/p>\n","protected":false},"excerpt":{"rendered":"<p>Sierpe Studios es una herramienta digital para impulsar a creadores de m\u00fasica que no disponen de mucho alcance o herramientas. Con nosotros podr\u00e1s aprender sobre l\u00edrica, producci\u00f3n y adquirir diversos productos a un precio rebajado con el fin de montar un estudio casero f\u00e1cil, adem\u00e1s de recomendarte los mejores en nuestra profesional opini\u00f3n<\/p>\n","protected":false},"author":2,"featured_media":0,"parent":0,"menu_order":0,"comment_status":"closed","ping_status":"closed","template":"","meta":{"footnotes":""},"class_list":["post-80","page","type-page","status-publish","hentry"],"_links":{"self":[{"href":"https:\/\/alvarobastida.fpcei.eu\/index.php?rest_route=\/wp\/v2\/pages\/80","targetHints":{"allow":["GET"]}}],"collection":[{"href":"https:\/\/alvarobastida.fpcei.eu\/index.php?rest_route=\/wp\/v2\/pages"}],"about":[{"href":"https:\/\/alvarobastida.fpcei.eu\/index.php?rest_route=\/wp\/v2\/types\/page"}],"author":[{"embeddable":true,"href":"https:\/\/alvarobastida.fpcei.eu\/index.php?rest_route=\/wp\/v2\/users\/2"}],"replies":[{"embeddable":true,"href":"https:\/\/alvarobastida.fpcei.eu\/index.php?rest_route=%2Fwp%2Fv2%2Fcomments&post=80"}],"version-history":[{"count":1,"href":"https:\/\/alvarobastida.fpcei.eu\/index.php?rest_route=\/wp\/v2\/pages\/80\/revisions"}],"predecessor-version":[{"id":82,"href":"https:\/\/alvarobastida.fpcei.eu\/index.php?rest_route=\/wp\/v2\/pages\/80\/revisions\/82"}],"wp:attachment":[{"href":"https:\/\/alvarobastida.fpcei.eu\/index.php?rest_route=%2Fwp%2Fv2%2Fmedia&parent=80"}],"curies":[{"name":"wp","href":"https:\/\/api.w.org\/{rel}","templated":true}]}}